{"id":29485,"date":"2021-05-05T11:15:34","date_gmt":"2021-05-05T11:15:34","guid":{"rendered":"http:\/\/www.almendroliva.es\/?post_type=product&#038;p=29485"},"modified":"2025-05-09T12:05:11","modified_gmt":"2025-05-09T12:05:11","slug":"aceite-oliva-virgen-extra-capricho-de-la-sierra-lata-5-litros","status":"publish","type":"product","link":"https:\/\/www.almendroliva.es\/?product=aceite-oliva-virgen-extra-capricho-de-la-sierra-lata-5-litros","title":{"rendered":"Aceite oliva virgen extra \u00abCapricho De La Sierra\u00bb &#8211; Lata 5 litros"},"content":{"rendered":"<ul class=\"a-unordered-list a-vertical a-spacing-none\">\n<li><span class=\"a-list-item\"> Fruto de un cultivo tradicional en Elche de la Sierra, nuestro aceite proviene de una cuidada combinaci\u00f3n de distintas variedades de oliva, que potencian su uso en todo tipo de cocina. <\/span><\/li>\n<li><span class=\"a-list-item\"> Nuestro aceite es fruto del amor y cuidado que s\u00f3lo los peque\u00f1os productores tradicionales de oliva pueden tener para elaborar un aceite de gran calidad que har\u00e1n que el sabor de tus platos resalte con una personalidad que s\u00f3lo lo natural es capaz de proporcionar. <\/span><\/li>\n<li><span class=\"a-list-item\"> Los olivares de la Cooperativa de Elche de la Sierra de la que se extrae su aceite, cuentan con una cuidada y minuciosa gesti\u00f3n agr\u00edcola declinada en todo momento por el respeto medioambiental; encontrando siempre un equilibrio entre rentabilidad de la explotaci\u00f3n y condiciones \u00f3ptimas de la plantaci\u00f3n. <\/span><\/li>\n<li><span class=\"a-list-item\"> Ayuda a reducir y controlar tu nivel colesterol. No contiene alergenos. <\/span><\/li>\n<li><span class=\"a-list-item\"> Ensaladas, guisos, frituras&#8230; Nuestro aceite se adapta perfectamente a cualquier tipo de plato, respetando su sabor y potenci\u00e1ndolo. <\/span><\/li>\n<\/ul>\n","protected":false},"excerpt":{"rendered":"<p><span class=\"a-list-item\">Ensaladas, guisos, frituras&#8230; Nuestro aceite se adapta perfectamente a cualquier tipo de plato, respetando su sabor y potenci\u00e1ndolo. <\/span><\/p>\n","protected":false},"featured_media":30587,"template":"","meta":[],"product_brand":[],"product_cat":[67,69,73],"product_tag":[],"class_list":{"0":"post-29485","1":"product","2":"type-product","3":"status-publish","4":"has-post-thumbnail","6":"product_cat-aceite-de-oliva","7":"product_cat-aceite-virgen-extra","8":"product_cat-gran-formato","10":"first","11":"instock","12":"taxable","13":"shipping-taxable","14":"purchasable","15":"product-type-simple"},"aioseo_notices":[],"_links":{"self":[{"href":"https:\/\/www.almendroliva.es\/index.php?rest_route=\/wp\/v2\/product\/29485","targetHints":{"allow":["GET"]}}],"collection":[{"href":"https:\/\/www.almendroliva.es\/index.php?rest_route=\/wp\/v2\/product"}],"about":[{"href":"https:\/\/www.almendroliva.es\/index.php?rest_route=\/wp\/v2\/types\/product"}],"wp:featuredmedia":[{"embeddable":true,"href":"https:\/\/www.almendroliva.es\/index.php?rest_route=\/wp\/v2\/media\/30587"}],"wp:attachment":[{"href":"https:\/\/www.almendroliva.es\/index.php?rest_route=%2Fwp%2Fv2%2Fmedia&parent=29485"}],"wp:term":[{"taxonomy":"product_brand","embeddable":true,"href":"https:\/\/www.almendroliva.es\/index.php?rest_route=%2Fwp%2Fv2%2Fproduct_brand&post=29485"},{"taxonomy":"product_cat","embeddable":true,"href":"https:\/\/www.almendroliva.es\/index.php?rest_route=%2Fwp%2Fv2%2Fproduct_cat&post=29485"},{"taxonomy":"product_tag","embeddable":true,"href":"https:\/\/www.almendroliva.es\/index.php?rest_route=%2Fwp%2Fv2%2Fproduct_tag&post=29485"}],"curies":[{"name":"wp","href":"https:\/\/api.w.org\/{rel}","templated":true}]}}