{"id":1726,"date":"2019-11-28T07:13:47","date_gmt":"2019-11-28T07:13:47","guid":{"rendered":"http:\/\/www.almendroliva.es\/?page_id=1726"},"modified":"2019-11-28T13:12:45","modified_gmt":"2019-11-28T13:12:45","slug":"condiciones-de-venta","status":"publish","type":"page","link":"https:\/\/www.almendroliva.es\/?page_id=1726","title":{"rendered":"CONDICIONES DE VENTA"},"content":{"rendered":"<p>[vc_row][vc_column][vc_column_text]<\/p>\n<h3><\/h3>\n<h3>Condiciones generales de contrataci\u00f3n<\/h3>\n<p>1.- OBJETO.<\/p>\n<p>Las presentes Condiciones Generales de Contrataci\u00f3n (en adelante, CGC) tienen por objeto regular el acceso y la adquisici\u00f3n de los productos y servicios facilitados por S.COOP. DE CLM ALMENDRAS SIERRA DE SEGURA, con CIF F02121929, y domicilio en Pol\u00edgono Agropecuario 15-16. al usuario a trav\u00e9s de la p\u00e1gina www.almendroliva.com (en adelante, el sitio web), de forma que quede fijado el marco jur\u00eddico en el que se desarrolla la relaci\u00f3n contractual entre las partes.<\/p>\n<p>Mediante la aceptaci\u00f3n de las presentes CGC, el usuario garantiza que es una persona, mayor de edad, con plena capacidad para contratar, as\u00ed como que comprende y acepta las presentes condiciones generales, oblig\u00e1ndose al cumplimiento \u00edntegro de las mismas.<\/p>\n<p>La CGC ser\u00e1n accesibles al usuario tanto en el momento previo del procedimiento de contrataci\u00f3n de los productos o servicios objeto del sitio web como posteriormente, ya que las condiciones podr\u00e1n ser almacenadas por su parte posteriormente. En cada nuevo proceso de compra, el usuario deber\u00e1 leer las CGC, ya que S.COOP. DE CLM ALMENDRAS SIERRA DE SEGURA podr\u00eda haber tenido que modificar su contenido.<\/p>\n<p>S.COOP. DE CLM ALMENDRAS SIERRA DE SEGURA podr\u00e1 modificar las CGC siempre que sea necesario a ampliar la informaci\u00f3n relativa a los productos o servicios propios de la entidad, ya sea como actualizaci\u00f3n o como mejora, as\u00ed como para la modificaci\u00f3n, sustituci\u00f3n o actualizaci\u00f3n de informaciones referidas a precios, condiciones o descripciones de los productos o servicios del sitio web. La anterior descripci\u00f3n no es limitativa, sino simplemente enunciativa, y por tanto S.COOP. DE CLM ALMENDRAS SIERRA DE SEGURA podr\u00e1 modificar las CGC cuando tenga una causa o motivo suficiente, a su juicio.<\/p>\n<p>2.- DERECHOS Y OBLIGACIONES DE LAS PARTES.<\/p>\n<p>2a) Obligaciones de S.COOP. DE CLM ALMENDRAS SIERRA DE SEGURA:<\/p>\n<p>S.COOP. DE CLM ALMENDRAS SIERRA DE SEGURA suministrar\u00e1 el producto solicitado conforme a la buena fe contractual y en virtud de lo dispuesto en las condiciones de contrataci\u00f3n.<\/p>\n<p>S.COOP. DE CLM ALMENDRAS SIERRA DE SEGURA informar\u00e1 al usuario de las presentes CGC al inicio de la contrataci\u00f3n y pondr\u00e1 a su disposici\u00f3n el texto completo de las mismas durante y despu\u00e9s del proceso de contrataci\u00f3n.<\/p>\n<p>S.COOP. DE CLM ALMENDRAS SIERRA DE SEGURA informar\u00e1 al usuario, previamente al inicio del procedimiento de contrataci\u00f3n, de manera concreta, clara, precisa e inequ\u00edvoca, de las caracter\u00edsticas espec\u00edficas de los servicios solicitados, tales como el precio de los mismos y los impuestos que le sean de aplicaci\u00f3n.<\/p>\n<p>S.COOP. DE CLM ALMENDRAS SIERRA DE SEGURA confirmar\u00e1 al usuario la ejecuci\u00f3n completa del proceso de compra a trav\u00e9s de un correo electr\u00f3nico enviado a la direcci\u00f3n de contacto en el plazo m\u00e1ximo de 24 horas desde la aceptaci\u00f3n por su parte de las condiciones de contrataci\u00f3n.<\/p>\n<p>S.COOP. DE CLM ALMENDRAS SIERRA DE SEGURA se vincular\u00e1 con la informaci\u00f3n ofrecida al cliente de forma que deber\u00e1 entregar el usuario aquellos productos contratados por aquel en los t\u00e9rminos informados.<\/p>\n<p>2b) Obligaciones del usuario:<\/p>\n<p>El usuario garantiza ser mayor de 18 a\u00f1os.<\/p>\n<p>El usuario garantiza tener plena capacidad de contratar.<\/p>\n<p>El usuario completar\u00e1 los formularios necesarios para gestionar correctamente el proceso de compra con informaci\u00f3n veraz y cierta, tanto en relaci\u00f3n con sus datos personales de contacto, como aquellos otros de pago y cualesquiera que le sean solicitados.<\/p>\n<p>El usuario pagar\u00e1 el precio requerido durante el proceso de compra.<\/p>\n<p>3.- OTRA INFORMACI\u00d3N PREVIA A LA CONTRATACI\u00d3N.<\/p>\n<p>El contrato se formaliza en lengua espa\u00f1ola, de acuerdo con las presentes CGC.<\/p>\n<p>Las ofertas tendr\u00e1n la vigencia que se especifique en cada caso en el sitio web. En caso de que se agotasen las existencias antes de la fecha de finalizaci\u00f3n de la oferta, se podr\u00e1 suministrar, de com\u00fan acuerdo con el usuario, un producto o servicio de calidad y precio equivalentes.<\/p>\n<p>El usuario podr\u00e1 acceder a las caracter\u00edsticas esenciales de cada producto a trav\u00e9s de su descripci\u00f3n en el sitio web.<\/p>\n<p>El usuario acepta las presentes CGC, que le ser\u00e1n remitidas por correo electr\u00f3nico al formalizar la compra, de forma que S.COOP. DE CLM ALMENDRAS SIERRA DE SEGURA no archivar\u00e1 el contrato electr\u00f3nico. En todo caso, las presentes CGC estar\u00e1n permanentemente accesibles desde el sitio web.<\/p>\n<p>4.- FORMA DE PAGO.<\/p>\n<p>Los precios y tarifas aplicables a la contrataci\u00f3n de los productos o servicios ofrecidos en el sitio web ser\u00e1n los que figuren en el mismo en el momento en el que el usuario inicie el proceso de contrataci\u00f3n.<\/p>\n<p>Todos los precios y tarifas incluyen los impuestos aplicables.<\/p>\n<p>Dado que el servicio prestado se refiere a un suministro de bienes personalizados o que, por su naturaleza, no puedan ser devueltos o puedan deteriorarse o caducar con rapidez, no es posible aplicar el derecho de desistimiento.<\/p>\n<p>5.- NULIDAD E INEFICACIA DE LAS CL\u00c1USULAS<br \/>\nSi cualquiera cl\u00e1usula incluida en estas condiciones fuese declarada total o parcialmente nula o ineficaz, tal nulidad afectar\u00e1 tan s\u00f3lo a dicha disposici\u00f3n o la parte de la misma que resulte nula o ineficaz, subsistiendo en todo lo dem\u00e1s las condiciones<\/p>\n<p>6.- LEGISLACI\u00d3N Y JURISDICCI\u00d3N APLICABLES<br \/>\nLa prestaci\u00f3n del servicio de este SITIO WEB y las presentes condiciones de uso se rigen por la Ley espa\u00f1ola. Las partes, con renuncia expresa a cualquier otro fuero que pudiera corresponderles, acuerdan someterse a la jurisdicci\u00f3n de los Juzgados y Tribunales de Castell\u00f3n.<\/p>\n<p>7.- POL\u00cdTICA DE PRIVACIDAD[\/vc_column_text][\/vc_column][\/vc_row]<\/p>\n","protected":false},"excerpt":{"rendered":"<p>[vc_row][vc_column][vc_column_text] Condiciones generales de contrataci\u00f3n 1.- OBJETO. Las presentes Condiciones Generales de Contrataci\u00f3n (en adelante, CGC) tienen por objeto regular el acceso y la adquisici\u00f3n de los productos y servicios facilitados por S.COOP. DE CLM ALMENDRAS SIERRA DE SEGURA, con CIF F02121929, y domicilio en Pol\u00edgono Agropecuario 15-16. al usuario a trav\u00e9s de la p\u00e1gina [&hellip;]<\/p>\n","protected":false},"author":1,"featured_media":0,"parent":0,"menu_order":0,"comment_status":"closed","ping_status":"closed","template":"","meta":{"footnotes":""},"class_list":["post-1726","page","type-page","status-publish","hentry"],"aioseo_notices":[],"_links":{"self":[{"href":"https:\/\/www.almendroliva.es\/index.php?rest_route=\/wp\/v2\/pages\/1726","targetHints":{"allow":["GET"]}}],"collection":[{"href":"https:\/\/www.almendroliva.es\/index.php?rest_route=\/wp\/v2\/pages"}],"about":[{"href":"https:\/\/www.almendroliva.es\/index.php?rest_route=\/wp\/v2\/types\/page"}],"author":[{"embeddable":true,"href":"https:\/\/www.almendroliva.es\/index.php?rest_route=\/wp\/v2\/users\/1"}],"replies":[{"embeddable":true,"href":"https:\/\/www.almendroliva.es\/index.php?rest_route=%2Fwp%2Fv2%2Fcomments&post=1726"}],"version-history":[{"count":3,"href":"https:\/\/www.almendroliva.es\/index.php?rest_route=\/wp\/v2\/pages\/1726\/revisions"}],"predecessor-version":[{"id":1777,"href":"https:\/\/www.almendroliva.es\/index.php?rest_route=\/wp\/v2\/pages\/1726\/revisions\/1777"}],"wp:attachment":[{"href":"https:\/\/www.almendroliva.es\/index.php?rest_route=%2Fwp%2Fv2%2Fmedia&parent=1726"}],"curies":[{"name":"wp","href":"https:\/\/api.w.org\/{rel}","templated":true}]}}