{"id":1724,"date":"2019-11-28T07:12:50","date_gmt":"2019-11-28T07:12:50","guid":{"rendered":"http:\/\/www.almendroliva.es\/?page_id=1724"},"modified":"2019-11-28T13:12:05","modified_gmt":"2019-11-28T13:12:05","slug":"aviso-legal","status":"publish","type":"page","link":"https:\/\/www.almendroliva.es\/?page_id=1724","title":{"rendered":"AVISO LEGAL"},"content":{"rendered":"[vc_row][vc_column width=\u00bb1\/3&#8243;][\/vc_column][vc_column width=\u00bb1\/3&#8243;][vc_column_text]<p><\/p>\n<h1 class=\"wp-block-heading\">\u00a0<\/h1>\n<h1>Aviso legal<\/h1>\n<p><\/p>\n<p><\/p>\n<p>Cl\u00e1usula de informaci\u00f3n general para dar<br \/>cumplimiento al art\u00edculo 10 de la Ley 34\/2002 de Servicios de la<br \/>Sociedad de la Informaci\u00f3n y el Comercio Electr\u00f3nico<\/p>\n<p><\/p>\n<p><\/p>\n<p><strong>Nombre de dominio:<\/strong> www.almendroliva.com<\/p>\n<p><\/p>\n<p><\/p>\n<p><strong>Titular de la p\u00e1gina web:<\/strong> S. Coop. de CLM Almendras Sierra de Segura<\/p>\n<p><\/p>\n<p><\/p>\n<p><strong>N\u00famero de identificaci\u00f3n fiscal:<\/strong> F02121929<\/p>\n<p><\/p>\n<p><\/p>\n<p><strong>Direcci\u00f3n postal completa:<\/strong> Pol. Agropecuario 15-16<\/p>\n<p><\/p>\n<p><\/p>\n<p><strong>Contacto:<\/strong> Tel.: 967411112 Fax: 967411221 e-mail: <a href=\"mailto:almendroliva@almendroliva.com\">almendroliva@almendroliva.com<\/a><\/p>\n<p><\/p>\n<p><\/p>\n<p>RESGISTRO COOPERATVAS, N\u00ba. CLM-G-153<\/p>\n<p>&nbsp;<\/p>\n<p>&nbsp;<\/p>\n<p><\/p>[\/vc_column_text][\/vc_column][vc_column width=\u00bb1\/3&#8243;][\/vc_column][\/vc_row]","protected":false},"excerpt":{"rendered":"<p>[vc_row][vc_column width=\u00bb1\/3&#8243;][\/vc_column][vc_column width=\u00bb1\/3&#8243;][vc_column_text] \u00a0 Aviso legal Cl\u00e1usula de informaci\u00f3n general para darcumplimiento al art\u00edculo 10 de la Ley 34\/2002 de Servicios de laSociedad de la Informaci\u00f3n y el Comercio Electr\u00f3nico Nombre de dominio: www.almendroliva.com Titular de la p\u00e1gina web: S. Coop. de CLM Almendras Sierra de Segura N\u00famero de identificaci\u00f3n fiscal: F02121929 Direcci\u00f3n postal completa: [&hellip;]<\/p>\n","protected":false},"author":1,"featured_media":0,"parent":0,"menu_order":0,"comment_status":"closed","ping_status":"closed","template":"","meta":{"footnotes":""},"class_list":["post-1724","page","type-page","status-publish","hentry"],"aioseo_notices":[],"_links":{"self":[{"href":"https:\/\/www.almendroliva.es\/index.php?rest_route=\/wp\/v2\/pages\/1724","targetHints":{"allow":["GET"]}}],"collection":[{"href":"https:\/\/www.almendroliva.es\/index.php?rest_route=\/wp\/v2\/pages"}],"about":[{"href":"https:\/\/www.almendroliva.es\/index.php?rest_route=\/wp\/v2\/types\/page"}],"author":[{"embeddable":true,"href":"https:\/\/www.almendroliva.es\/index.php?rest_route=\/wp\/v2\/users\/1"}],"replies":[{"embeddable":true,"href":"https:\/\/www.almendroliva.es\/index.php?rest_route=%2Fwp%2Fv2%2Fcomments&post=1724"}],"version-history":[{"count":4,"href":"https:\/\/www.almendroliva.es\/index.php?rest_route=\/wp\/v2\/pages\/1724\/revisions"}],"predecessor-version":[{"id":1776,"href":"https:\/\/www.almendroliva.es\/index.php?rest_route=\/wp\/v2\/pages\/1724\/revisions\/1776"}],"wp:attachment":[{"href":"https:\/\/www.almendroliva.es\/index.php?rest_route=%2Fwp%2Fv2%2Fmedia&parent=1724"}],"curies":[{"name":"wp","href":"https:\/\/api.w.org\/{rel}","templated":true}]}}