{"id":1722,"date":"2019-11-28T07:12:19","date_gmt":"2019-11-28T07:12:19","guid":{"rendered":"http:\/\/www.almendroliva.es\/?page_id=1722"},"modified":"2019-11-28T13:11:31","modified_gmt":"2019-11-28T13:11:31","slug":"condiciones-de-uso","status":"publish","type":"page","link":"https:\/\/www.almendroliva.es\/?page_id=1722","title":{"rendered":"CONDICIONES DE USO"},"content":{"rendered":"<p>[vc_row][vc_column][vc_column_text]<\/p>\n<h3><\/h3>\n<h3>Condiciones de uso<\/h3>\n<p>1.- PROPIEDAD, USO RESPONSABLE Y FINALIDAD DEL SITIO WEB.<\/p>\n<p>Este sitio web es propiedad de S.Coop. de CLM Almendras Sierra de Segura y su contenido tiene un car\u00e1cter informativo de los servicios y productos que ofrece esta Entidad. Asimismo se facilitar\u00e1 respuesta a las solicitudes de informaci\u00f3n enviadas por los usuarios a trav\u00e9s de correo electr\u00f3nico, tel\u00e9fono o formularios web. Adem\u00e1s la entidad podr\u00e1 recibir curriculum vitae y enviar noticias a los usuarios que realizaran su suscripci\u00f3n, todo ello, sujeto a la pol\u00edtica de la Entidad en materia de protecci\u00f3n de datos y que se detalla en la pol\u00edtica de privacidad de estas condiciones de uso.<\/p>\n<p>El hecho de acceder a este sitio web implica el conocimiento y aceptaci\u00f3n de los siguientes t\u00e9rminos y condiciones de uso de su contenido, as\u00ed como la aceptaci\u00f3n de la pol\u00edtica establecida en materia de protecci\u00f3n de datos cuando se faciliten datos de car\u00e1cter personal propios o de terceros, y atribuye la condici\u00f3n del usuario del Portal y el acceso al mismo implica su aceptaci\u00f3n sin reservas.<\/p>\n<p>Salvo indicaci\u00f3n expresa en contrario, el acceso a la informaci\u00f3n mostrada en las p\u00e1ginas del portal, es totalmente gratuita.<\/p>\n<p>S.COOP. DE CLM ALMENDRAS SIERRA DE SEGURA, titular del web, se reserva la facultad de efectuar, en cualquier momento y sin necesidad de aviso previo, modificaciones y actualizaciones de la informaci\u00f3n contenida en su web o en la configuraci\u00f3n y presentaci\u00f3n de \u00e9ste.<\/p>\n<p>S.COOP. DE CLM ALMENDRAS SIERRA DE SEGURA no garantiza la inexistencia de errores en el acceso a la web, en su contenido o en la actualizaci\u00f3n de \u00e9ste. Sin embargo, pondr\u00e1 todos los medios a su alcance para evitarlos, subsanarlos o actualizarlos.<\/p>\n<p>Tanto el acceso a esta web como el uso que pueda hacerse de la informaci\u00f3n contenida en la misma es responsabilidad exclusiva de quien lo realiza. S.COOP. DE CLM ALMENDRAS SIERRA DE SEGURA no responder\u00e1 de ninguna consecuencia, mal funcionamiento, da\u00f1o o perjuicio que pudieran derivarse de dicho acceso o uso de la informaci\u00f3n ajenas a su voluntad.<\/p>\n<p>El usuario asumir\u00e1 todos los gastos, costes e indemnizaciones que pudieran derivarse de procesos iniciados contra \u00e9l por incumplimiento de lo establecido en las condiciones de uso.<\/p>\n<p>S.COOP. DE CLM ALMENDRAS SIERRA DE SEGURA no se responsabiliza del estado de la conexi\u00f3n de acceso o de los contenidos de los enlaces de terceros a los que se hace referencia en la web.<\/p>\n<p>Los datos correspondientes a la titularidad del sitio web y que dan cumplimiento al art\u00edculo 10 de la LSSI se pueden consultar en el apartado Aviso Legal que se encuentra al pie de p\u00e1gina de este sitio en Internet.<\/p>\n<p>La finalidad de este sitio web es el descrito a continuaci\u00f3n: informar a los usuarios de los servicios y productos ofrecidos por S.COOP. DE CLM ALMENDRAS SIERRA DE SEGURA, facilitar la informaci\u00f3n que los usuarios soliciten y el env\u00edo del newsletter a los usuarios que se registren y lo soliciten en caso de ofrecer este servicio, as\u00ed como, en su caso, la recepci\u00f3n de curriculum vitae de los usuarios que deseen remitirlo a S.COOP. DE CLM ALMENDRAS SIERRA DE SEGURA y el suministro de los productos adquiridos a trav\u00e9s de la tienda.<\/p>\n<p>2.- PROPIEDAD INTELECTUAL E INDUSTRIAL.<\/p>\n<p>Quedan reservados todos los derechos de Propiedad Industrial e Intelectual de los elementos que integran el dise\u00f1o gr\u00e1fico de su p\u00e1gina web, los men\u00fas, botones de navegaci\u00f3n, el c\u00f3digo HTML, los applets de Java o Java Script, los controles de Actives, los textos, im\u00e1genes, texturas, gr\u00e1ficos y cualquier otro contenido del \u201cweb site\u201d o, en cualquier caso, dispone de autorizaci\u00f3n para la utilizaci\u00f3n de dichos elementos.<\/p>\n<p>Asimismo, S.COOP. DE CLM ALMENDRAS SIERRA DE SEGURA es titular de los derechos de propiedad industrial derivados del uso de marcas, signos distintivos y nombres comerciales, excepto los correspondientes a patrocinadores, sponsor, anunciantes, etc., que pudieran aparecer en este sitio web, as\u00ed como los correspondientes a enlaces que puedan realizarse desde esta p\u00e1gina web.<\/p>\n<p>Las fotograf\u00edas que pudieran aparecer en el sitio web o a trav\u00e9s de enlaces a otras p\u00e1ginas, no podr\u00e1n ser utilizadas por el usuario con ninguna finalidad, sin la autorizaci\u00f3n de su propietario. La utilizaci\u00f3n indebida de las mismas por parte del usuario le har\u00e1 responsable \u00fanico frente a S.COOP. DE CLM ALMENDRAS SIERRA DE SEGURA y frente a terceros, de los da\u00f1os ocasionados as\u00ed como de los incumplimientos legales que pudieran derivarse de la utilizaci\u00f3n de las mismas.<\/p>\n<p>S.COOP. DE CLM ALMENDRAS SIERRA DE SEGURA se reserva los derechos de reproducci\u00f3n, modificaci\u00f3n, adaptaci\u00f3n, comunicaci\u00f3n p\u00fablica, mantenimiento, correcci\u00f3n de errores, cesi\u00f3n, venta, alquiler, pr\u00e9stamo y\/o cualquier otro derecho de propiedad intelectual o industrial que pueda corresponderle sobre los contenidos del web site. Cualquier ejercicio de los anteriores derechos, con independencia del medio o forma en el que se produjeran, requiere autorizaci\u00f3n previa y por escrito de S.COOP. DE CLM ALMENDRAS SIERRA DE SEGURA.<\/p>\n<p>En ning\u00fan caso, S.COOP. DE CLM ALMENDRAS SIERRA DE SEGURA ser\u00e1 responsable de las posibles infracciones que en materia de propiedad intelectual e industrial pudiera cometer cualquier usuario del web site.<\/p>\n<p>S.COOP. DE CLM ALMENDRAS SIERRA DE SEGURA se reserva el derecho a modificar el contenido y elementos que integran su web site, sin necesidad de comunicarlo previamente, cuando lo estime conveniente de acuerdo con el ejercicio de sus servicios.<\/p>\n<p>S.COOP. DE CLM ALMENDRAS SIERRA DE SEGURA no se responsabiliza de la integridad y veracidad del contenido de los enlaces a las web sites a los que pueda accederse desde su p\u00e1gina Web.<\/p>\n<p>S.COOP. DE CLM ALMENDRAS SIERRA DE SEGURA pone a disposici\u00f3n de los usuarios un grupo de profesionales encargados de actualizar y revisar la veracidad y la integridad del contenido de las informaciones vertidas en el web site. Sin embargo, dada la naturaleza del medio y los posibles riesgos de interrupci\u00f3n del servicio, alteraci\u00f3n del acceso o de los contenidos del web site por parte de terceros, S.COOP. DE CLM ALMENDRAS SIERRA DE SEGURA excluye cualquier responsabilidad que pudiera surgir de los contenidos que figuran en su web site.<\/p>\n<p>3.- DATOS PERSONALES Y COOKIES.<\/p>\n<p>En cumplimiento de lo establecido en la normativa de protecci\u00f3n de datos le informamos de los siguientes aspectos:<\/p>\n<p>Identificaci\u00f3n del Responsable de Tratamiento:<br \/>\n\u2013 Identidad: S.COOP DE CLM ALMENDRAS SIERRA DE SGURA<br \/>\n\u2013 Direcci\u00f3n: POLIGONO AGROPECUARIO, 15-16<br \/>\n\u2013 Tel\u00e9fono: 967411112<br \/>\n\u2013 Correo electr\u00f3nico: almendroliva@almendroliva.com<br \/>\nContenido y aceptaci\u00f3n<br \/>\nSe informa al usuario del tratamiento y protecci\u00f3n de los datos de car\u00e1cter personal recabados a trav\u00e9s del Sitio Web, a fin de que determinen libre y voluntariamente si desean facilitar sus datos personales a trav\u00e9s del presente Sitio Web.<br \/>\nEl acceso y uso del Sitio Web implica la plena aceptaci\u00f3n por parte del Usuario del presente documento de Tratamiento de Datos Personales y se obliga a cumplir por completo los t\u00e9rminos y condiciones recogidos en la misma. Por lo tanto, el Usuario debe leer atentamente el presente documento de Tratamiento de Datos Personales en cada una de las ocasiones en que se proponga utilizar el Sitio Web, ya que \u00e9ste puede sufrir modificaciones.<br \/>\nEl presente documento de Tratamiento de Datos Personales ser\u00e1 v\u00e1lido \u00fanicamente para los datos de car\u00e1cter personal obtenidos en el Sitio Web, no siendo aplicable para aquella informaci\u00f3n recabada por terceros en otras p\u00e1ginas web, incluso si \u00e9stas se encuentran enlazadas por el Sitio Web.<\/p>\n<p>Finalidad del tratamiento de sus datos personales:<br \/>\nGestionar la navegaci\u00f3n del Usuario a trav\u00e9s del Sitio Web, en su caso, as\u00ed como para las finalidades que se indiquen en cada uno de los formularios habilitados en el Sitio Web.<br \/>\nS.COOP. DE CLM ALMENDRAS SIERRA DE SEGURA tratar\u00e1 los datos de car\u00e1cter personal facilitados por el usuario mediante los correspondientes formularios o por correo electr\u00f3nico, a fin de dar respuesta a las solicitudes enviadas, gestionar los c.v. que podamos recibir, as\u00ed como enviar informaci\u00f3n relacionada con nuestros productos y servicios.<br \/>\nAsimismo la entidad utilizar\u00e1, en su caso, su informaci\u00f3n para poder suministrarle los productos adquiridos y realizar la facturaci\u00f3n de los mismos.<br \/>\nSe garantiza la confidencialidad de los datos de car\u00e1cter personal facilitados y el cumplimiento de toda la normativa aplicable al efecto.<br \/>\nLos usuarios garantizan y responden, en cualquier caso, de la veracidad, exactitud, vigencia, autenticidad de los Datos Personales proporcionados, y se comprometen a mantenerlos debidamente actualizados. Asimismo, los usuarios garantizan ser mayores de 14 a\u00f1os. No obstante los usuarios de la tienda, garantizar\u00e1n ser mayores de edad y estar en plena capacidad para contratar.<br \/>\nAsimismo, al pulsar en el bot\u00f3n \u201cEnviar\u201d (o equivalente) incorporado en los citados formularios, el Usuario declara que la informaci\u00f3n y los datos que en ellos ha facilitado son exactos y veraces.<br \/>\nLos datos proporcionados se conservar\u00e1n mientras se mantenga la relaci\u00f3n comercial o durante los a\u00f1os necesarios para cumplir con las obligaciones legales.<br \/>\nEn caso de que se facilitaran datos de car\u00e1cter personal, por personas no titulares de los mismos, el usuario deber\u00e1, con car\u00e1cter previo a su inclusi\u00f3n, informar a dichas personas de los extremos contenidos en los p\u00e1rrafos anteriores. En estos casos, el usuario garantiza que los datos informados son de mayores de 14 a\u00f1os y que la informaci\u00f3n es exacta y veraz. S.COOP. DE CLM ALMENDRAS SIERRA DE SEGURA quedar\u00e1 exenta de cualquier responsabilidad por el incumplimiento por parte del usuario de estos requisitos.<\/p>\n<p>Legitimaci\u00f3n para el tratamiento de sus datos:<br \/>\nLa base legal para el tratamiento de sus datos es el inter\u00e9s leg\u00edtimo para dar respuesta a las solicitudes enviadas por usted.<br \/>\nAsimismo, se solicita el consentimiento expreso para aquellas finalidades no contempladas en los casos anteriores como el env\u00edo de informaci\u00f3n comercial. De dar su consentimiento, a trav\u00e9s de la casilla que aparecer\u00e1 en los formularios de recogida de datos, S.COOP. DE CLM ALMENDRAS SIERRA DE SEGURA podr\u00eda ponerse en contacto con el Usuario por correo ordinario, correo electr\u00f3nico, SMS, o cualquier otro medio de comunicaci\u00f3n electr\u00f3nica equivalente, para remitirle comunicaciones comerciales relacionada con los productos y\/servicios que ofrecemos.<br \/>\nSi en un determinado momento el Usuario no desea seguir recibiendo comunicaciones de esta naturaleza, podr\u00e1 revocar su consentimiento mediante el env\u00edo de la notificaci\u00f3n a la siguiente direcci\u00f3n almendroliva@almendroliva.com, aportando copia de un documento que permita acreditar su identidad, o bien utilizando el link habilitado al efecto en las comunicaciones comerciales que reciba.<br \/>\nPodr\u00e1 revocar los consentimientos para el tratamiento de sus datos, en cualquier momento en la direcci\u00f3n almendroliva@almendroliva.com<\/p>\n<p>Comunicaci\u00f3n o Cesi\u00f3n de datos y Transferencias Internacionales de Datos:<br \/>\nNo se comunicar\u00e1n los datos de car\u00e1cter personal del Usuario a terceras empresas sin informarle y recabar su previo consentimiento, salvo que exista exigencia legal. Dicha informaci\u00f3n se encontrar\u00e1 en los diferentes formularios de recogida de datos, ofreciendo previamente al Usuario la posibilidad de aceptar o no la cesi\u00f3n, seg\u00fan la finalidad.<br \/>\nNo existen transferencias internacionales de datos.<\/p>\n<p>Cookies<br \/>\nAl igual que otros sitios web de contenido comercial, el Sitio Web utiliza una tecnolog\u00eda denominada \u201ccookies\u00bb. En la Pol\u00edtica de Cookies est\u00e1 disponible para el Usuario informaci\u00f3n detallada sobre c\u00f3mo utiliza S.COOP. DE CLM ALMENDRAS SIERRA DE SEGURA las cookies. Puede consultar la Pol\u00edtica de Cookies aqu\u00ed.<\/p>\n<p>Derechos:<br \/>\nCualquier persona tiene derecho a obtener confirmaci\u00f3n sobre si en S.COOP. DE CLM ALMENDRAS SIERRA DE SEGURA estamos tratando datos personales que les conciernan, y en tal caso, derecho de acceso a sus datos personales, a los fines del tratamiento, y a las categor\u00edas de datos personales de que se trate.<br \/>\nAsimismo, tendr\u00e1 derecho a solicitar la rectificaci\u00f3n de los datos inexactos o, en su caso, solicitar su supresi\u00f3n cuando, los datos ya no sean necesarios para los fines que fueron recogidos; se haya retirado el consentimiento en el que se basa el tratamiento o se oponga al tratamiento; los datos personales se hayan tratado de manera il\u00edcita; o deban suprimirse para el cumplimiento de una obligaci\u00f3n legal establecida en el derecho de la Uni\u00f3n o de los Estados miembros.<br \/>\nPodr\u00e1 solicitar la limitaci\u00f3n del tratamiento de sus datos cuando, impugne la exactitud de los datos personales durante el plazo que permita al responsable verificar la exactitud de los mismos; el tratamiento sea il\u00edcito y el interesado se oponga a la supresi\u00f3n de los datos personales y solicite en su lugar la limitaci\u00f3n de su uso; el responsable ya no necesite los datos personales para los fines del tratamiento, pero el interesado los necesite para la formulaci\u00f3n, el ejercicio o la defensa de reclamaciones; o el interesado se haya opuesto al tratamiento, mientras se verifica si los motivos leg\u00edtimos del responsable prevalecen sobre los del interesado. En tales casos, \u00fanicamente conservaremos los datos para el ejercicio o la defensa de reclamaciones.<br \/>\nEn determinadas circunstancias y por motivos relacionados con su situaci\u00f3n particular, usted podr\u00e1 oponerse al tratamiento de sus datos. S.COOP. DE CLM ALMENDRAS SIERRA DE SEGURA dejar\u00e1 de tratar los datos, salvo por motivos leg\u00edtimos imperiosos, o el ejercicio o la defensa de posibles reclamaciones.<br \/>\nTendr\u00e1 derecho a recibir los datos personales que le incumban, y que haya facilitado, en un formato estructurado, y a transmitirlos a otro responsable del tratamiento sin que lo impida el responsable al que se los hubiera facilitado, cuando, el tratamiento este basado en el consentimiento; o le tratamiento se efect\u00fae por medios automatizados.<br \/>\nCuando las personas afectadas ejerzan los derechos de acceso, rectificaci\u00f3n, supresi\u00f3n y oposici\u00f3n, limitaci\u00f3n del tratamiento, portabilidad de datos y a no ser objeto de decisiones individualizadas automatizadas, deber\u00e1n comunicarlo por correo electr\u00f3nico a la direcci\u00f3n almendroliva@almendroliva.com<\/p>\n<p>Si considera que sus datos personales no han sido tratados conforme a la normativa, puede contactar con almendroliva@almendroliva.com Asimismo podr\u00e1 presentar una reclamaci\u00f3n ante la Agencia Espa\u00f1ola de Protecci\u00f3n de Datos, especialmente cuando no haya obtenido la satisfacci\u00f3n en el ejercicio de sus derechos, a trav\u00e9s de la sede electr\u00f3nica en www.aepd.es.<\/p>\n<p>Procedencia:<br \/>\nLos datos personales que tratamos en S.COOP. DE CLM ALMENDRAS SIERRA DE SEGURA proceden del propio interesado y son facilitados a trav\u00e9s de los formularios habilitados en la p\u00e1gina Web.<\/p>\n<p>Confidencialidad<br \/>\nLos datos personales que S.COOP. DE CLM ALMENDRAS SIERRA DE SEGURA pueda recabar a trav\u00e9s del Sitio Web o por medio de las distintas comunicaciones que mantenga con el Usuario ser\u00e1n tratados con absoluta confidencialidad, comprometi\u00e9ndose S.COOP. DE CLM ALMENDRAS SIERRA DE SEGURA a guardar secreto respecto de los mismos y garantizando el deber de guardarlos adoptando todas las medidas necesarias que eviten su alteraci\u00f3n, p\u00e9rdida, tratamiento o acceso no autorizado, de acuerdo con lo establecido en la legislaci\u00f3n aplicable.<\/p>\n<p>Seguridad<br \/>\nS.COOP. DE CLM ALMENDRAS SIERRA DE SEGURA ha implementado y mantiene los niveles de seguridad adecuados para proteger los datos de car\u00e1cter personal del Usuario frente a p\u00e9rdidas fortuitas y accesos, tratamientos o revelaciones no autorizados, habida cuenta del estado de la tecnolog\u00eda, la naturaleza de los datos almacenados y los riesgos a que est\u00e1n expuestos.<\/p>\n<p>4.- HIPERENLACES.<\/p>\n<p>El establecimiento de cualquier hiperenlace desde una p\u00e1gina web ajena, a cualquiera de las p\u00e1ginas del este sitio web se realizar\u00e1 conforme a las siguientes condiciones:<\/p>\n<p>No se permite la reproducci\u00f3n ni total ni parcial de ninguno de los servicios contenidos en este sitio web.<br \/>\nNo se incluir\u00e1 ninguna manifestaci\u00f3n falsa, inexacta o incorrecta sobre las p\u00e1ginas de este sitio web y sus servicios.<br \/>\nS.COOP. DE CLM ALMENDRAS SIERRA DE SEGURA no ser\u00e1 responsable de los contenidos, informaciones, manifestaciones, opiniones o servicios puestos a disposici\u00f3n del p\u00fablico en la p\u00e1gina web desde la que se establezca un hiperenlace a este sitio web.<br \/>\nCualquier hiperenlace se efectuar\u00e1 a la p\u00e1gina principal de este sitio web.<br \/>\nEn el caso de que existan, los hiperenlaces de este sitio web habr\u00e1n sido validados de forma previa con los titulares de las p\u00e1ginas webs enlazadas, no siendo responsable S.COOP. DE CLM ALMENDRAS SIERRA DE SEGURA de las actividades que realicen los usuarios en dichas p\u00e1ginas enlazadas, especialmente en los casos de que sean contrarios a la ley, la moral y el orden p\u00fablico.<\/p>\n<p>5.- VIGENCIA DE LAS CONDICIONES DE USO.<\/p>\n<p>Las Condiciones de Uso para el uso de esta web tienen car\u00e1cter indefinido y permanecer\u00e1n vigentes mientras el portal est\u00e9 activo. El usuario reconoce haber le\u00eddo las presentes Condiciones y presta su conformidad con las mismas.<\/p>\n<p>6.- NULIDAD Y EFICACIA DE LAS CL\u00c1USULAS.<\/p>\n<p>Si cualquier cl\u00e1usula incluida en estas condiciones fuese declarada total o parcialmente nula o ineficaz, tal nulidad afectar\u00e1 tan s\u00f3lo a dicha disposici\u00f3n o la parte de la misma que resulte nula o ineficaz, subsistiendo en todo lo dem\u00e1s las condiciones.<\/p>\n<p>7.- LEY Y JURISDICCI\u00d3N APLICABLES.<\/p>\n<p>Las presentes Condiciones de Uso se rigen por la legislaci\u00f3n espa\u00f1ola. En caso de disputa o controversia relacionada con la interpretaci\u00f3n o aplicaci\u00f3n de estas Condiciones Generales, las partes se someten, con renuncia expresa a cualquier otro fuero, a los Juzgados y Tribunales de la ciudad de Toledo.[\/vc_column_text][\/vc_column][\/vc_row]<\/p>\n","protected":false},"excerpt":{"rendered":"<p>[vc_row][vc_column][vc_column_text] Condiciones de uso 1.- PROPIEDAD, USO RESPONSABLE Y FINALIDAD DEL SITIO WEB. Este sitio web es propiedad de S.Coop. de CLM Almendras Sierra de Segura y su contenido tiene un car\u00e1cter informativo de los servicios y productos que ofrece esta Entidad. Asimismo se facilitar\u00e1 respuesta a las solicitudes de informaci\u00f3n enviadas por los usuarios [&hellip;]<\/p>\n","protected":false},"author":1,"featured_media":0,"parent":0,"menu_order":0,"comment_status":"closed","ping_status":"closed","template":"","meta":{"footnotes":""},"class_list":["post-1722","page","type-page","status-publish","hentry"],"aioseo_notices":[],"_links":{"self":[{"href":"https:\/\/www.almendroliva.es\/index.php?rest_route=\/wp\/v2\/pages\/1722","targetHints":{"allow":["GET"]}}],"collection":[{"href":"https:\/\/www.almendroliva.es\/index.php?rest_route=\/wp\/v2\/pages"}],"about":[{"href":"https:\/\/www.almendroliva.es\/index.php?rest_route=\/wp\/v2\/types\/page"}],"author":[{"embeddable":true,"href":"https:\/\/www.almendroliva.es\/index.php?rest_route=\/wp\/v2\/users\/1"}],"replies":[{"embeddable":true,"href":"https:\/\/www.almendroliva.es\/index.php?rest_route=%2Fwp%2Fv2%2Fcomments&post=1722"}],"version-history":[{"count":4,"href":"https:\/\/www.almendroliva.es\/index.php?rest_route=\/wp\/v2\/pages\/1722\/revisions"}],"predecessor-version":[{"id":1775,"href":"https:\/\/www.almendroliva.es\/index.php?rest_route=\/wp\/v2\/pages\/1722\/revisions\/1775"}],"wp:attachment":[{"href":"https:\/\/www.almendroliva.es\/index.php?rest_route=%2Fwp%2Fv2%2Fmedia&parent=1722"}],"curies":[{"name":"wp","href":"https:\/\/api.w.org\/{rel}","templated":true}]}}