{"id":1558,"date":"2019-11-13T11:48:10","date_gmt":"2019-11-13T11:48:10","guid":{"rendered":"http:\/\/www.almendroliva.es\/?page_id=1558"},"modified":"2020-04-09T10:08:12","modified_gmt":"2020-04-09T10:08:12","slug":"nosotros","status":"publish","type":"page","link":"https:\/\/www.almendroliva.es\/?page_id=1558","title":{"rendered":"Nosotros"},"content":{"rendered":"<p>[vc_row][vc_column][vc_single_image image=\u00bb1806&#8243; img_size=\u00bbfull\u00bb css=\u00bb.vc_custom_1586426888737{margin-top: 0px !important;border-top-width: 0px !important;padding-top: 0px !important;}\u00bb][vc_row_inner][vc_column_inner width=\u00bb2\/3&#8243;][vc_column_text css=\u00bb.vc_custom_1586426638481{margin-right: 0px !important;border-right-width: 0px !important;padding-right: 0px !important;}\u00bb]<strong>Cooperativa Comarcal Almendras Sierra de Segura<\/strong> es una empresa cooperativa constituida en 1990, ubicada en el sureste de la provincia de Albacete en la comarca de Elche de la Sierra.<\/p>\n<p>Nuestros valores:<\/p>\n<p><strong>TRADICI\u00d3N:<\/strong> Nuestra tierra es nuestra fuente de la que emana un producto tradicional y centenario. 1500 hect\u00e1reas de olivos centenarios y 8126 hect\u00e1reas de almendros componen nuestro territorio productivo.<\/p>\n<p><strong>ARRAIGO:<\/strong> Es de Elche de la Sierra, Provincia de Albacete. Los olivares de la Cooperativa de Elche de la Sierra de la que se extrae su aceite, cuentan con una cuidada y minuciosa gesti\u00f3n agr\u00edcola declinada en todo momento por el respeto medioambiental; encontrando siempre un equilibrio entre rentabilidad de la explotaci\u00f3n y condiciones \u00f3ptimas de la plantaci\u00f3n.<\/p>\n<p><strong>MODERNIDAD:<\/strong> En nuestro proceso de elaboraci\u00f3n incorporamos elementos tecnol\u00f3gicos que dotan a nuestro producto de una calidad inmejorable y nos permite innovar constantemente en la extracci\u00f3n de aceite de oliva virgen extra y ecol\u00f3gico as\u00ed como en la partici\u00f3n y envasado de almendra convencional y ecol\u00f3gica.<\/p>\n<p><strong>PERSONAS:<\/strong> Somos Cooperativa con m\u00e1s de 1.000 socios que aportamos nuestra experiencia en muchas ocasiones heredada generaci\u00f3n tras generaci\u00f3n.[\/vc_column_text][\/vc_column_inner][vc_column_inner width=\u00bb1\/3&#8243;][vc_single_image image=\u00bb1751&#8243; img_size=\u00bbfull\u00bb alignment=\u00bbcenter\u00bb][vc_posts_slider count=\u00bb3&#8243; interval=\u00bb3&#8243;][\/vc_column_inner][\/vc_row_inner][\/vc_column][\/vc_row]<\/p>\n","protected":false},"excerpt":{"rendered":"<p>[vc_row][vc_column][vc_single_image image=\u00bb1806&#8243; img_size=\u00bbfull\u00bb css=\u00bb.vc_custom_1586426888737{margin-top: 0px !important;border-top-width: 0px !important;padding-top: 0px !important;}\u00bb][vc_row_inner][vc_column_inner width=\u00bb2\/3&#8243;][vc_column_text css=\u00bb.vc_custom_1586426638481{margin-right: 0px !important;border-right-width: 0px !important;padding-right: 0px !important;}\u00bb]Cooperativa Comarcal Almendras Sierra de Segura es una empresa cooperativa constituida en 1990, ubicada en el sureste de la provincia de Albacete en la comarca de Elche de la Sierra. Nuestros valores: TRADICI\u00d3N: Nuestra tierra es nuestra fuente [&hellip;]<\/p>\n","protected":false},"author":1,"featured_media":0,"parent":0,"menu_order":0,"comment_status":"closed","ping_status":"closed","template":"","meta":{"footnotes":""},"class_list":["post-1558","page","type-page","status-publish","hentry"],"aioseo_notices":[],"_links":{"self":[{"href":"https:\/\/www.almendroliva.es\/index.php?rest_route=\/wp\/v2\/pages\/1558","targetHints":{"allow":["GET"]}}],"collection":[{"href":"https:\/\/www.almendroliva.es\/index.php?rest_route=\/wp\/v2\/pages"}],"about":[{"href":"https:\/\/www.almendroliva.es\/index.php?rest_route=\/wp\/v2\/types\/page"}],"author":[{"embeddable":true,"href":"https:\/\/www.almendroliva.es\/index.php?rest_route=\/wp\/v2\/users\/1"}],"replies":[{"embeddable":true,"href":"https:\/\/www.almendroliva.es\/index.php?rest_route=%2Fwp%2Fv2%2Fcomments&post=1558"}],"version-history":[{"count":9,"href":"https:\/\/www.almendroliva.es\/index.php?rest_route=\/wp\/v2\/pages\/1558\/revisions"}],"predecessor-version":[{"id":1807,"href":"https:\/\/www.almendroliva.es\/index.php?rest_route=\/wp\/v2\/pages\/1558\/revisions\/1807"}],"wp:attachment":[{"href":"https:\/\/www.almendroliva.es\/index.php?rest_route=%2Fwp%2Fv2%2Fmedia&parent=1558"}],"curies":[{"name":"wp","href":"https:\/\/api.w.org\/{rel}","templated":true}]}}